{"id":2336,"date":"2015-03-11T14:43:00","date_gmt":"2015-03-11T14:43:00","guid":{"rendered":"http:\/\/themes.muffingroup.com\/be\/onepage\/?page_id=2"},"modified":"2024-08-29T10:34:53","modified_gmt":"2024-08-29T13:34:53","slug":"home","status":"publish","type":"page","link":"http:\/\/rosariobolsas.com.ar\/new\/","title":{"rendered":"Home"},"content":{"rendered":"<p>[vc_row][vc_column][vc_raw_html]JTNDYSUyMG5hbWUlM0QlMjJlbXByZXNhJTIyJTIwaWQlM0QlMjJFJTIyJTNFJTNDJTJGYSUzRQ==[\/vc_raw_html][vc_empty_space height=\u00bb128&#8243;][vc_column_text]<\/p>\n<h2 style=\"text-align: center;\"><strong>Rosario Bolsas<br \/>\nF\u00e1brica de bolsas en Rafia de Polipropileno<\/strong><\/h2>\n<p>[\/vc_column_text][vc_empty_space height=\u00bb32&#8243;][\/vc_column][\/vc_row][vc_row][vc_column width=\u00bb1\/2&#8243;][vc_single_image image=\u00bb2368&#8243; img_size=\u00bb320&#215;360&#8243; alignment=\u00bbright\u00bb][\/vc_column][vc_column width=\u00bb1\/2&#8243;][vc_column_text]<\/p>\n<h4><\/h4>\n<h4><\/h4>\n<h4><span style=\"color: #808080;\"><strong>Al servicio del agro y la industria<\/strong><\/span><\/h4>\n<h4><span style=\"color: #808080;\">Rosario bolsas es una empresa de capital nacional que cuenta con m\u00e1s de 50 a\u00f1os de trayectoria y presencia en el mercado, durante los cuales ha evolucionado continuamente y ha logrado cimentar un s\u00f3lido nombre.<\/span><br \/>\n<span style=\"color: #808080;\"><br \/>\nEs por esto que la identifica con la m\u00e1s alta calidad de productos, servicios y el firme compromiso de garantizar la satisfacci\u00f3n de nuestros clientes de todo el pa\u00eds, por medio de un servicio integral y personalizado.<\/span><\/h4>\n<p>[\/vc_column_text][\/vc_column][\/vc_row][vc_row][vc_column][vc_zigzag][vc_raw_html]JTNDYSUyMG5hbWUlM0QlMjJwcm9kdWN0b3MlMjIlMjBpZCUzRCUyMlAlMjIlM0UlM0MlMkZhJTNF[\/vc_raw_html][vc_empty_space height=\u00bb64px\u00bb][\/vc_column][\/vc_row][vc_row id=\u00bb\u00abhola\u00ab\u00bb][vc_column][vc_empty_space height=\u00bb64px\u00bb][vc_column_text]<\/p>\n<h2 style=\"text-align: center;\">Productos<\/h2>\n<p>[\/vc_column_text][vc_empty_space][\/vc_column][\/vc_row][vc_row][vc_column width=\u00bb1\/4&#8243;]<div class=\"icon_box icon_position_top has_border\"><div class=\"icon_wrapper\"><div class=\"icon\"><i class=\"fa-solid fa-building-wheat\"><\/i><\/div><\/div><div class=\"desc_wrapper\"><h4 class=\"title\">PARA EL AGRO Y LA INDUSTRIA<\/h4><div class=\"desc\"><\/p>\n<p align=\"left\">&gt; Bolsas tubulares en rafia de polipropileno<\/p>\n<p><\/div><\/div><\/div>\n[\/vc_column][vc_column width=\u00bb1\/4&#8243;]<div class=\"icon_box icon_position_top has_border\"><div class=\"icon_wrapper\"><div class=\"icon\"><i class=\"fa-solid fa-bookmark\"><\/i><\/div><\/div><div class=\"desc_wrapper\"><h4 class=\"title\">\nTIPOS<br \/>\n<br \/>\n\n<\/h4><div class=\"desc\"><\/p>\n<p align=\"left\">&gt;Tela Com\u00fan: permiten que el producto respire<br \/>\n&gt;Tela Laminada: impermeable<\/p>\n<p><\/div><\/div><\/div>\n[\/vc_column][vc_column width=\u00bb1\/4&#8243;]<div class=\"icon_box icon_position_top has_border\"><div class=\"icon_wrapper\"><div class=\"icon\"><i class=\"fa-solid fa-gear\"><\/i><\/div><\/div><div class=\"desc_wrapper\"><h4 class=\"title\">\nCARACTER\u00cdSTICAS<br \/>\nT\u00c9CNICAS\n<\/h4><div class=\"desc\"><\/p>\n<p align=\"left\">&gt; Anchos disponibles: 40, 47, 52, 57, 60, 70<br \/>\n&gt; Altos disponibles: 50 cm a 105 cm<br \/>\n&gt; Posibilidad de impresi\u00f3n en 4 colores, 2 caras<\/p>\n<p><\/div><\/div><\/div>\n[\/vc_column][vc_column width=\u00bb1\/4&#8243;]<div class=\"icon_box icon_position_top has_border\"><div class=\"icon_wrapper\"><div class=\"icon\"><i class=\"fa-solid fa-bookmark\"><\/i><\/div><\/div><div class=\"desc_wrapper\"><h4 class=\"title\">\nIDEALES<br \/>\n<br \/>\n\n<\/h4><div class=\"desc\"><\/p>\n<p align=\"left\">&gt; Cereales en general<br \/>\n&gt; Alimentos balanceados.<br \/>\n&gt; Miner\u00eda.<br \/>\n&gt; Moliner\u00eda.<br \/>\n&gt; Fertilizantes.<br \/>\n&gt; Productos de industria y construcci\u00f3n<\/p>\n<p><\/div><\/div><\/div>\n[\/vc_column][\/vc_row][vc_row id=\u00bb\u00abhola\u00ab\u00bb][vc_column][vc_separator border_width=\u00bb3&#8243; el_width=\u00bb40&#8243;][vc_empty_space height=\u00bb16&#8243;][\/vc_column][\/vc_row][vc_row id=\u00bb\u00abhola\u00ab\u00bb][vc_column width=\u00bb1\/4&#8243;][vc_column_text]<\/p>\n<h2 style=\"text-align: center;\">Bolsas<\/h2>\n<p>[\/vc_column_text][vc_gallery interval=\u00bb0&#8243; images=\u00bb2603,2604,2605&#8243; img_size=\u00bb\u00bb onclick=\u00bb\u00bb][vc_column_text]<\/p>\n<h6><span class=\"elementor-icon-list-text\">&gt; Big Bag<\/span><span class=\"elementor-icon-list-text\"><br \/>\n<\/span><span class=\"elementor-icon-list-text\">&gt; Yute<br \/>\n<\/span><span class=\"elementor-icon-list-text\">&gt; Laminadas<br \/>\n<\/span><span class=\"elementor-icon-list-text\">&gt; Com\u00fan<\/span><\/h6>\n<p>[\/vc_column_text][\/vc_column][vc_column width=\u00bb1\/4&#8243;][vc_column_text]<\/p>\n<h2 style=\"text-align: center;\">Hilos<\/h2>\n<p>[\/vc_column_text][vc_gallery interval=\u00bb0&#8243; images=\u00bb2575,2607,2608,2609,2610&#8243; img_size=\u00bb\u00bb onclick=\u00bb\u00bb][vc_column_text]<\/p>\n<h6><span class=\"elementor-icon-list-text\">&gt; <\/span><span class=\"elementor-icon-list-text\">Bobina de hilo choricero.<br \/>\n<\/span><span class=\"elementor-icon-list-text\">&gt; <\/span><span class=\"elementor-icon-list-text\">Hilo miltifilamento en cono y n\u00facleo.<br \/>\n<\/span><span class=\"elementor-icon-list-text\">&gt;<\/span> <span class=\"elementor-icon-list-text\">Bobina hilo polipropileno virgen.<br \/>\n<\/span><span class=\"elementor-icon-list-text\">&gt; <\/span><span class=\"elementor-icon-list-text\">Hilo en madeja de polipropileno y de algod\u00f3n (patente)<\/span><\/h6>\n<p>[\/vc_column_text][\/vc_column][vc_column width=\u00bb1\/4&#8243;][vc_column_text]<\/p>\n<h2 style=\"text-align: center;\">Telas<\/h2>\n<p>[\/vc_column_text][vc_gallery interval=\u00bb0&#8243; images=\u00bb2611,2612,2613,2645,2646,2647&#8243; img_size=\u00bb\u00bb onclick=\u00bb\u00bb][vc_column_text]<\/p>\n<h6><span class=\"elementor-icon-list-text\">&gt; <\/span><span class=\"elementor-icon-list-text\">Telas comunes.<br \/>\n<\/span><span class=\"elementor-icon-list-text\">&gt; <\/span><span class=\"elementor-icon-list-text\">Con tratamiento UV.<br \/>\n<\/span><span class=\"elementor-icon-list-text\">&gt; <\/span><span class=\"elementor-icon-list-text\">Tela yute de colores.<br \/>\n<\/span><span class=\"elementor-icon-list-text\">&gt; <\/span><span class=\"elementor-icon-list-text\">Media Sombra.<br \/>\n<\/span><span class=\"elementor-icon-list-text\">&gt; <\/span><span class=\"elementor-icon-list-text\">Telas laminadas.<\/span><\/h6>\n<p>[\/vc_column_text][\/vc_column][vc_column width=\u00bb1\/4&#8243;][vc_column_text]<\/p>\n<h2 style=\"text-align: center;\">Agujas<\/h2>\n<p>[\/vc_column_text][vc_gallery interval=\u00bb0&#8243; images=\u00bb2586,2588&#8243; img_size=\u00bb\u00bb onclick=\u00bb\u00bb][vc_column_text]<\/p>\n<h6><span class=\"elementor-icon-list-text\">&gt; <\/span><span class=\"elementor-icon-list-text\">Agujas D5.<br \/>\n<\/span><span class=\"elementor-icon-list-text\">&gt; <\/span><span class=\"elementor-icon-list-text\">Agujas de mano.<\/span><\/h6>\n<h6><\/h6>\n<p>[\/vc_column_text][\/vc_column][\/vc_row][vc_row id=\u00bb\u00abhola\u00ab\u00bb][vc_column][vc_empty_space height=\u00bb64&#8243;][\/vc_column][\/vc_row][vc_row][vc_column][vc_empty_space height=\u00bb64px\u00bb][vc_zigzag][vc_raw_html]JTNDYSUyMG5hbWUlM0QlMjJtYXF1aW5hJTIyJTIwaWQlM0QlMjJNJTIyJTNFJTNDJTJGYSUzRQ==[\/vc_raw_html][vc_empty_space height=\u00bb64px\u00bb][vc_empty_space height=\u00bb64px\u00bb][vc_column_text]<\/p>\n<h2 style=\"text-align: center;\">Maquinas<\/h2>\n<p>[\/vc_column_text][vc_empty_space height=\u00bb64px\u00bb][\/vc_column][\/vc_row][vc_row][vc_column width=\u00bb1\/4&#8243;]<div class=\"icon_box icon_position_top has_border\"><div class=\"icon_wrapper\"><div class=\"icon\"><i class=\"fa-solid fa-swatchbook\"><\/i><\/div><\/div><div class=\"desc_wrapper\"><h4 class=\"title\">DISE\u00d1O<\/h4><div class=\"desc\"><\/p>\n<p align=\"left\">&gt;Port\u00e1til de f\u00e1cil manejo y ligera (5,5 Kg).<br \/>\n&gt;Avanza sobre la bolsa. Lubricaci\u00f3n y cortah\u00edlos autom\u00e1tica.<\/p>\n<p><\/div><\/div><\/div>\n[\/vc_column][vc_column width=\u00bb1\/4&#8243;]<div class=\"icon_box icon_position_top has_border\"><div class=\"icon_wrapper\"><div class=\"icon\"><i class=\"fas fa-chevron-circle-up\"><\/i><\/div><\/div><div class=\"desc_wrapper\"><h4 class=\"title\">\nUSO\n<\/h4><div class=\"desc\"><\/p>\n<p align=\"left\">&gt;Se utiliza para cerrar todo tipo de sacos de papel, algod\u00f3n, yute, polipropileno.<\/div><\/div><\/div>\n[\/vc_column][vc_column width=\u00bb1\/4&#8243;]<div class=\"icon_box icon_position_top has_border\"><div class=\"icon_wrapper\"><div class=\"icon\"><i class=\"fa-solid fa-wheat-awn\"><\/i><\/div><\/div><div class=\"desc_wrapper\"><h4 class=\"title\">\nIDEAL\n<\/h4><div class=\"desc\"><\/p>\n<p align=\"left\">&gt; Alimentos, cereales, granos, semillas, fertilizantes, balanceados, etc.<\/div><\/div><\/div>\n[\/vc_column][vc_column width=\u00bb1\/4&#8243;]<div class=\"icon_box icon_position_top no_border\"><div class=\"icon_wrapper\"><div class=\"icon\"><i class=\"fa-solid fa-screwdriver-wrench\"><\/i><\/div><\/div><div class=\"desc_wrapper\"><h4 class=\"title\">\nSOPORTE\n<\/h4><div class=\"desc\"><\/h4>\n<p align=\"left\">&gt;Asesoramiento de Uso, incluye accesorios y viene con manual de instrucciones.<\/div><\/div><\/div>\n[\/vc_column][\/vc_row][vc_row][vc_column][vc_single_image image=\u00bb2366&#8243; img_size=\u00bb410&#215;416&#8243; alignment=\u00bbcenter\u00bb][vc_column_text]<\/p>\n<h2 style=\"text-align: center;\">SIRUBA AA-6<\/h2>\n<p>[\/vc_column_text][\/vc_column][\/vc_row][vc_row][vc_column][vc_raw_html]JTNDYSUyMG5hbWUlM0QlMjJjb250YWN0byUyMiUyMGlkJTNEJTIyQyUyMiUzRSUzQyUyRmElM0U=[\/vc_raw_html][vc_empty_space height=\u00bb64px\u00bb][vc_zigzag][vc_empty_space height=\u00bb64px\u00bb][vc_column_text]<\/p>\n<h2 style=\"text-align: center;\">Contacto<\/h2>\n<p>[\/vc_column_text][vc_empty_space height=\u00bb64&#8243;][\/vc_column][\/vc_row][vc_row][vc_column width=\u00bb1\/2&#8243;][vc_gmaps link=\u00bb#E-8_JTNDaWZyYW1lJTIwc3JjJTNEJTIyaHR0cHMlM0ElMkYlMkZ3d3cuZ29vZ2xlLmNvbSUyRm1hcHMlMkZlbWJlZCUzRnBiJTNEJTIxMW0xOCUyMTFtMTIlMjExbTMlMjExZDMzNDguMzYxNjUzNzQwNDgzJTIxMmQtNjAuNzE0NTYwNjg1MTA4NDMlMjEzZC0zMi45NDE0NTk4Nzg5NTUwOCUyMTJtMyUyMTFmMCUyMTJmMCUyMTNmMCUyMTNtMiUyMTFpMTAyNCUyMTJpNzY4JTIxNGYxMy4xJTIxM20zJTIxMW0yJTIxMXMweDk1YjY1MzFiYzExNWJhYjklMjUzQTB4NjNhOTQ4M2VjMDdkYzIwMCUyMTJzUm9zYXJpbyUyNTIwQm9sc2FzJTI1MjAtJTI1MjAlMjUyMlN1Y2VzaSUyNUMzJTI1QjNuJTI1MjBkZSUyNTIwTW9yZWxsaSUyNTIwUm9iZXJ0byUyNTIyJTIxNWUwJTIxM20yJTIxMXNlcy00MTklMjEyc2FyJTIxNHYxNjQ4OTE2OTI0NzcxJTIxNW0yJTIxMXNlcy00MTklMjEyc2FyJTIyJTIwd2lkdGglM0QlMjIzMDAlMjIlMjBoZWlnaHQlM0QlMjIzNjAlMjIlMjBzdHlsZSUzRCUyMmJvcmRlciUzQTAlM0IlMjIlMjBhbGxvd2Z1bGxzY3JlZW4lM0QlMjIlMjIlMjBsb2FkaW5nJTNEJTIybGF6eSUyMiUyMHJlZmVycmVycG9saWN5JTNEJTIybm8tcmVmZXJyZXItd2hlbi1kb3duZ3JhZGUlMjIlM0UlM0MlMkZpZnJhbWUlM0U=\u00bb][\/vc_column][vc_column width=\u00bb1\/2&#8243;]\n<div class=\"wpcf7 no-js\" id=\"wpcf7-f2616-o1\" lang=\"es-ES\" dir=\"ltr\" data-wpcf7-id=\"2616\">\n<div class=\"screen-reader-response\"><p role=\"status\" aria-live=\"polite\" aria-atomic=\"true\"><\/p> <ul><\/ul><\/div>\n<form action=\"\/new\/wp-json\/wp\/v2\/pages\/2336#wpcf7-f2616-o1\" method=\"post\" class=\"wpcf7-form init\" aria-label=\"Formulario de contacto\" novalidate=\"novalidate\" data-status=\"init\">\n<fieldset class=\"hidden-fields-container\"><input type=\"hidden\" name=\"_wpcf7\" value=\"2616\" \/><input type=\"hidden\" name=\"_wpcf7_version\" value=\"6.1.6\" \/><input type=\"hidden\" name=\"_wpcf7_locale\" value=\"es_ES\" \/><input type=\"hidden\" name=\"_wpcf7_unit_tag\" value=\"wpcf7-f2616-o1\" \/><input type=\"hidden\" name=\"_wpcf7_container_post\" value=\"0\" \/><input type=\"hidden\" name=\"_wpcf7_posted_data_hash\" value=\"\" \/>\n<\/fieldset>\n<div class=\"column one-second\">\n\t<p><span class=\"wpcf7-form-control-wrap\" data-name=\"your-name\"><input size=\"40\" maxlength=\"400\" class=\"wpcf7-form-control wpcf7-text wpcf7-validates-as-required\" aria-required=\"true\" aria-invalid=\"false\" placeholder=\"Nombre\" value=\"\" type=\"text\" name=\"your-name\" \/><\/span>\n\t<\/p>\n<\/div>\n<div class=\"column one-second\">\n\t<p><span class=\"wpcf7-form-control-wrap\" data-name=\"your-email\"><input size=\"40\" maxlength=\"400\" class=\"wpcf7-form-control wpcf7-email wpcf7-validates-as-required wpcf7-text wpcf7-validates-as-email\" aria-required=\"true\" aria-invalid=\"false\" placeholder=\"E-Mail\" value=\"\" type=\"email\" name=\"your-email\" \/><\/span>\n\t<\/p>\n<\/div>\n<div class=\"column one-second\">\n\t<p><span class=\"wpcf7-form-control-wrap\" data-name=\"social\"><input size=\"40\" maxlength=\"400\" class=\"wpcf7-form-control wpcf7-text wpcf7-validates-as-required\" aria-required=\"true\" aria-invalid=\"false\" placeholder=\"Razon Social\" value=\"\" type=\"text\" name=\"social\" \/><\/span>\n\t<\/p>\n<\/div>\n<div class=\"column one-second\">\n\t<p><span class=\"wpcf7-form-control-wrap\" data-name=\"telefono\"><input size=\"40\" maxlength=\"400\" class=\"wpcf7-form-control wpcf7-text wpcf7-validates-as-required\" aria-required=\"true\" aria-invalid=\"false\" placeholder=\"Telefono\" value=\"\" type=\"text\" name=\"telefono\" \/><\/span>\n\t<\/p>\n<\/div>\n<div class=\"column one-second\">\n\t<p><span class=\"wpcf7-form-control-wrap\" data-name=\"provincia\"><input size=\"40\" maxlength=\"400\" class=\"wpcf7-form-control wpcf7-text wpcf7-validates-as-required\" aria-required=\"true\" aria-invalid=\"false\" placeholder=\"Provincia\" value=\"\" type=\"text\" name=\"provincia\" \/><\/span>\n\t<\/p>\n<\/div>\n<div class=\"column one-second\">\n\t<p><span class=\"wpcf7-form-control-wrap\" data-name=\"localidad\"><input size=\"40\" maxlength=\"400\" class=\"wpcf7-form-control wpcf7-text wpcf7-validates-as-required\" aria-required=\"true\" aria-invalid=\"false\" placeholder=\"Localidad\" value=\"\" type=\"text\" name=\"localidad\" \/><\/span>\n\t<\/p>\n<\/div>\n<div class=\"column one\">\n\t<p><span class=\"wpcf7-form-control-wrap\" data-name=\"your-subject\"><input size=\"40\" maxlength=\"400\" class=\"wpcf7-form-control wpcf7-text\" aria-invalid=\"false\" placeholder=\"Asunto\" value=\"\" type=\"text\" name=\"your-subject\" \/><\/span>\n\t<\/p>\n<\/div>\n<div class=\"column one\">\n\t<p><span class=\"wpcf7-form-control-wrap\" data-name=\"your-message\"><textarea cols=\"40\" rows=\"6\" maxlength=\"2000\" class=\"wpcf7-form-control wpcf7-textarea\" aria-invalid=\"false\" placeholder=\"Mensaje\" name=\"your-message\"><\/textarea><\/span>\n\t<\/p>\n<\/div>\n<div class=\"column one\">\n\t<p><input class=\"wpcf7-form-control wpcf7-submit has-spinner button_full_width\" type=\"submit\" value=\"Enviar Mensaje\" \/>\n\t<\/p>\n<\/div><div class=\"wpcf7-response-output\" aria-hidden=\"true\"><\/div>\n<\/form>\n<\/div>\n[\/vc_column][\/vc_row][vc_row][vc_column][vc_column_text]<\/p>\n<h3 style=\"text-align: center;\">Av. Provincias Unidas 1101 | Rosario &#8211; Santa Fe<br \/>\nTel.: [341] 8281111<br \/>\nWhatsapp: [341] 3142164<\/h3>\n<h3 style=\"text-align: center;\">rosariobolsas@gmail.com<\/h3>\n<h3 style=\"text-align: center;\">Horario de atenci\u00f3n:<br \/>\nLunes a Viernes de 08 a 13 hs.<\/h3>\n<p>[\/vc_column_text][\/vc_column][\/vc_row]<\/p>\n","protected":false},"excerpt":{"rendered":"<p>[vc_row][vc_column][vc_raw_html]JTNDYSUyMG5hbWUlM0QlMjJlbXByZXNhJTIyJTIwaWQlM0QlMjJFJTIyJTNFJTNDJTJGYSUzRQ==[\/vc_raw_html][vc_empty_space height=\u00bb128&#8243;][vc_column_text] Rosario Bolsas F\u00e1brica de bolsas en Rafia de Polipropileno [\/vc_column_text][vc_empty_space height=\u00bb32&#8243;][\/vc_column][\/vc_row][vc_row][vc_column width=\u00bb1\/2&#8243;][vc_single_image image=\u00bb2368&#8243; img_size=\u00bb320&#215;360&#8243; alignment=\u00bbright\u00bb][\/vc_column][vc_column width=\u00bb1\/2&#8243;][vc_column_text] Al servicio del agro y la industria Rosario<span class=\"excerpt-hellip\"> [\u2026]<\/span><\/p>\n","protected":false},"author":2,"featured_media":0,"parent":0,"menu_order":0,"comment_status":"open","ping_status":"open","template":"","meta":{"footnotes":""},"class_list":["post-2336","page","type-page","status-publish","hentry"],"_links":{"self":[{"href":"http:\/\/rosariobolsas.com.ar\/new\/wp-json\/wp\/v2\/pages\/2336","targetHints":{"allow":["GET"]}}],"collection":[{"href":"http:\/\/rosariobolsas.com.ar\/new\/wp-json\/wp\/v2\/pages"}],"about":[{"href":"http:\/\/rosariobolsas.com.ar\/new\/wp-json\/wp\/v2\/types\/page"}],"author":[{"embeddable":true,"href":"http:\/\/rosariobolsas.com.ar\/new\/wp-json\/wp\/v2\/users\/2"}],"replies":[{"embeddable":true,"href":"http:\/\/rosariobolsas.com.ar\/new\/wp-json\/wp\/v2\/comments?post=2336"}],"version-history":[{"count":230,"href":"http:\/\/rosariobolsas.com.ar\/new\/wp-json\/wp\/v2\/pages\/2336\/revisions"}],"predecessor-version":[{"id":2655,"href":"http:\/\/rosariobolsas.com.ar\/new\/wp-json\/wp\/v2\/pages\/2336\/revisions\/2655"}],"wp:attachment":[{"href":"http:\/\/rosariobolsas.com.ar\/new\/wp-json\/wp\/v2\/media?parent=2336"}],"curies":[{"name":"wp","href":"https:\/\/api.w.org\/{rel}","templated":true}]}}